{"id":1352,"date":"2017-06-12T10:52:41","date_gmt":"2017-06-12T08:52:41","guid":{"rendered":"http:\/\/www.alexkoomusic.com\/?page_id=1352"},"modified":"2024-02-28T15:54:23","modified_gmt":"2024-02-28T14:54:23","slug":"biographie-francais","status":"publish","type":"page","link":"https:\/\/www.alexkoomusic.com\/index.php\/biographie-francais\/","title":{"rendered":""},"content":{"rendered":"\n<p><em><strong>Biographie<\/strong><\/em><\/p>\n\n\n\n<p style=\"font-size:14px\">Selon le r\u00e9put\u00e9 Jazzthetik, Alex Koo d\u00e9fie toute cat\u00e9gorisation. Dans son pays d&#8217;origine, il est acclam\u00e9 comme l&#8217;enfant terrible du jazz belge (RTBF). Pour ce talent pianistique belgo-japonais, qui a commenc\u00e9 comme prodige classique \u00e0 l&#8217;\u00e2ge de cinq ans et a depuis \u00e9t\u00e9 salu\u00e9 par des ic\u00f4nes du jazz telles que Kurt Elling, Kenny Werner et Brad Mehldau, ses valeurs fondamentales sont l&#8217;authenticit\u00e9, la curiosit\u00e9 et la jouabilit\u00e9.<\/p>\n\n\n\n<p style=\"font-size:14px\">&#8220;Remarquablement original&#8221;, a-t-il \u00e9t\u00e9 d\u00e9crit par le prestigieux magazine Downbeat Jazz, qui a \u00e9galement s\u00e9lectionn\u00e9 son album Appleblueseagreen, mettant en vedette des poids lourds tels que Mark Turner et Ralph Alessi, pour leur liste des &#8220;Meilleurs albums de 2019&#8221;. \u00c0 l&#8217;\u00e9chelle nationale, les superlatifs sont \u00e9galement mis en avant : &#8220;La Belgique est trop petite pour le pianiste Alex Koo&#8221; (De Tijd).<\/p>\n\n\n\n<p style=\"font-size:14px\">Son album solo le plus r\u00e9cent, &#8220;Etudes for Piano&#8221;, command\u00e9 par Bozar et publi\u00e9 par W.E.R.F. Records, a \u00e9t\u00e9 d\u00e9crit comme &#8220;un m\u00e9lange intrigant de classique et de jazz, o\u00f9 le nom de Keith Jarrett vient souvent \u00e0 l&#8217;esprit. Non pas parce que le jeu de Koo ressemble \u00e0 celui du ma\u00eetre am\u00e9ricain, mais parce qu&#8217;il est du m\u00eame rare niveau \u00e9lev\u00e9&#8221; (Trouw). L&#8217;originalit\u00e9 de sa musique se manifeste \u00e9galement dans son jeu de piano : &#8220;La technique fantastique d&#8217;Alex, qui sonne parfois carr\u00e9ment g\u00e9niale, constitue la base de cet album vertigineux. Il est \u00e9galement un compositeur exceptionnellement original&#8221; (London Jazz News).<\/p>\n\n\n\n<p style=\"font-size:14px\">Dans son trio Alex Koo, il est rejoint par l&#8217;ic\u00f4ne de la batterie Dr\u00e9 Pallemaerts (Toots Thielemans, Melanie de Biasio, St\u00e9phane Belmondo, Bert Joris) et le virtuose de la basse Lennart Heyndels (Jef Neve, Ben Sluijs, Kaja Draksler). Ce trio belge garantit des compositions aventureuses, des improvisations hypnotiques et un jeu dynamique.<\/p>\n\n\n\n<p style=\"font-size:14px\">Alex compte un impressionnant palmar\u00e8s de prix prestigieux \u00e0 son actif, dont un premier prix au Concours Prinses Christina (NL), un Prix B-Jazz de la Meilleure Composition (BE), un Fulbright Award (US\/BE), un Prix BAEF (US\/BE) et un Prix Prins Bernhard Cultuurfonds (NL). De plus, il remportait d\u00e9j\u00e0 des prix \u00e0 l&#8217;\u00e2ge de dix ans au Concours Cantabile pour piano classique, o\u00f9 il a \u00e9galement re\u00e7u deux distinctions suppl\u00e9mentaires : le Prix &#8220;Emmanuel Durlet&#8221; pour la meilleure interpr\u00e9tation de la pi\u00e8ce obligatoire et le Prix &#8220;Chris Van Hoof&#8221; pour le plus jeune laur\u00e9at.<\/p>\n\n\n\n<p style=\"font-size:14px\">Alex a \u00e9tudi\u00e9 dans les conservatoires de Courtrai, d&#8217;Amsterdam, de Copenhague et de New York (Steinhardt School of Culture), o\u00f9 il a \u00e9galement enseign\u00e9 en tant que professeur adjoint de piano jazz et d&#8217;harmonie. Actuellement, Alex est professeur de piano jazz \u00e0 la LUCA School of Arts \u00e0 Louvain, en Belgique (Conservatoire Lemmens).<\/p>\n\n\n\n<hr class=\"wp-block-separator has-alpha-channel-opacity\"\/>\n","protected":false},"excerpt":{"rendered":"<p>Biographie Selon le r\u00e9put\u00e9 Jazzthetik, Alex Koo d\u00e9fie toute cat\u00e9gorisation. Dans son pays d&#8217;origine, il est acclam\u00e9 comme l&#8217;enfant terrible du jazz belge (RTBF). Pour ce talent pianistique belgo-japonais, qui a commenc\u00e9 comme prodige classique \u00e0 l&#8217;\u00e2ge de cinq ans <span class=\"readmore\"><a href=\"https:\/\/www.alexkoomusic.com\/index.php\/biographie-francais\/\">Continue Reading<\/a><\/span><\/p>\n","protected":false},"author":1,"featured_media":0,"parent":0,"menu_order":0,"comment_status":"closed","ping_status":"closed","template":"","meta":{"footnotes":""},"class_list":["post-1352","page","type-page","status-publish","hentry"],"_links":{"self":[{"href":"https:\/\/www.alexkoomusic.com\/index.php\/wp-json\/wp\/v2\/pages\/1352","targetHints":{"allow":["GET"]}}],"collection":[{"href":"https:\/\/www.alexkoomusic.com\/index.php\/wp-json\/wp\/v2\/pages"}],"about":[{"href":"https:\/\/www.alexkoomusic.com\/index.php\/wp-json\/wp\/v2\/types\/page"}],"author":[{"embeddable":true,"href":"https:\/\/www.alexkoomusic.com\/index.php\/wp-json\/wp\/v2\/users\/1"}],"replies":[{"embeddable":true,"href":"https:\/\/www.alexkoomusic.com\/index.php\/wp-json\/wp\/v2\/comments?post=1352"}],"version-history":[{"count":43,"href":"https:\/\/www.alexkoomusic.com\/index.php\/wp-json\/wp\/v2\/pages\/1352\/revisions"}],"predecessor-version":[{"id":5866,"href":"https:\/\/www.alexkoomusic.com\/index.php\/wp-json\/wp\/v2\/pages\/1352\/revisions\/5866"}],"wp:attachment":[{"href":"https:\/\/www.alexkoomusic.com\/index.php\/wp-json\/wp\/v2\/media?parent=1352"}],"curies":[{"name":"wp","href":"https:\/\/api.w.org\/{rel}","templated":true}]}}